{"id":152,"date":"2025-05-18T19:52:29","date_gmt":"2025-05-18T17:52:29","guid":{"rendered":"http:\/\/localhost:8888\/wordpress\/?page_id=152"},"modified":"2025-06-17T20:34:11","modified_gmt":"2025-06-17T18:34:11","slug":"rekrutacja","status":"publish","type":"page","link":"https:\/\/kolonie.widok.org.pl\/index.php\/rekrutacja\/","title":{"rendered":"Rekrutacja"},"content":{"rendered":"\t\t<div data-elementor-type=\"wp-page\" data-elementor-id=\"152\" class=\"elementor elementor-152\">\n\t\t\t\t<div class=\"elementor-element elementor-element-ee43907 e-flex e-con-boxed e-con e-parent\" data-id=\"ee43907\" data-element_type=\"container\">\n\t\t\t\t\t<div class=\"e-con-inner\">\n\t\t\t\t<div class=\"elementor-element elementor-element-98e69c0 elementor-widget elementor-widget-text-editor\" data-id=\"98e69c0\" data-element_type=\"widget\" data-widget_type=\"text-editor.default\">\n\t\t\t\t<div class=\"elementor-widget-container\">\n\t\t\t\t\t\t\t\t\t<p>Trzeba pobra\u0107, wype\u0142ni\u0107, wydrukowa\u0107&nbsp;<a href=\"\/wp-content\/uploads\/2025\/05\/Karta-kwalifikacyjna-2025.pdf\"><strong>KART\u0118 KWALIFIKACYJN\u0104 UCZESTNIKA wraz z REGULAMINEM i RODO<\/strong><\/a><strong>,&nbsp;<\/strong>nast\u0119pnie sfotografowa\u0107 lub zeskanowa\u0107 2 pierwsze strony karty i wys\u0142a\u0107 na adres:&nbsp;<a href=\"mailto:widokstowarzyszenie@gmail.com\">widokstowarzyszenie@gmail.com<\/a>.<br>Po otrzymaniu zwrotnego maila z informacj\u0105, \u017ce dokumenty dotar\u0142y i dziecko zosta\u0142o zapisane, nale\u017cy op\u0142aci\u0107 ob\u00f3z najp\u00f3\u017aniej do <strong>15 LIPCA<\/strong>&nbsp;\u2013 konto bankowe PKO S.A. I Oddzia\u0142 Bia\u0142ystok:&nbsp;<strong>22 1240 5211 1111 0010 6639 7925. <\/strong>W tytule wp\u0142aty prosz\u0119 wpisa\u0107 imi\u0119 i nazwisko dziecka.<\/p>\n<p>Orygina\u0142 wszystkich dokument\u00f3w nale\u017cy <strong>KONIECZNIE<\/strong> dostarczy\u0107 kierownikowi obozu w pierwszym dniu wypoczynku.<\/p>\t\t\t\t\t\t\t\t<\/div>\n\t\t\t\t<\/div>\n\t\t\t\t<div class=\"elementor-element elementor-element-6b13014 elementor-widget elementor-widget-heading\" data-id=\"6b13014\" data-element_type=\"widget\" data-widget_type=\"heading.default\">\n\t\t\t\t<div class=\"elementor-widget-container\">\n\t\t\t\t\t<h2 class=\"elementor-heading-title elementor-size-default\">Koszt<\/h2>\t\t\t\t<\/div>\n\t\t\t\t<\/div>\n\t\t<div class=\"elementor-element elementor-element-b525a8a e-con-full e-flex e-con e-child\" data-id=\"b525a8a\" data-element_type=\"container\" data-settings=\"{&quot;background_background&quot;:&quot;classic&quot;}\">\n\t\t\t\t<div class=\"elementor-element elementor-element-4662aca elementor-widget elementor-widget-text-editor\" data-id=\"4662aca\" data-element_type=\"widget\" data-widget_type=\"text-editor.default\">\n\t\t\t\t<div class=\"elementor-widget-container\">\n\t\t\t\t\t\t\t\t\t<p><strong>2500 z\u0142<\/strong><\/p>\t\t\t\t\t\t\t\t<\/div>\n\t\t\t\t<\/div>\n\t\t\t\t<div class=\"elementor-element elementor-element-e49c22e elementor-widget elementor-widget-text-editor\" data-id=\"e49c22e\" data-element_type=\"widget\" data-widget_type=\"text-editor.default\">\n\t\t\t\t<div class=\"elementor-widget-container\">\n\t\t\t\t\t\t\t\t\t<p>W cenie nocleg, wy\u017cywienie, wszystkie zaj\u0119cia, ubezpieczenie.<\/p>\t\t\t\t\t\t\t\t<\/div>\n\t\t\t\t<\/div>\n\t\t\t\t<\/div>\n\t\t<div class=\"elementor-element elementor-element-5328abc e-con-full e-flex e-con e-child\" data-id=\"5328abc\" data-element_type=\"container\">\n\t\t\t\t<div class=\"elementor-element elementor-element-f432a9c elementor-widget elementor-widget-text-editor\" data-id=\"f432a9c\" data-element_type=\"widget\" data-widget_type=\"text-editor.default\">\n\t\t\t\t<div class=\"elementor-widget-container\">\n\t\t\t\t\t\t\t\t\t<p>*Zni\u017cka dla rodze\u0144stwa i dzieci pracownik\u00f3w UwB \u2013 cena 2\u00a0300 z\u0142<\/p>\t\t\t\t\t\t\t\t<\/div>\n\t\t\t\t<\/div>\n\t\t\t\t<\/div>\n\t\t\t\t<div class=\"elementor-element elementor-element-de41cb6 elementor-widget elementor-widget-text-editor\" data-id=\"de41cb6\" data-element_type=\"widget\" data-widget_type=\"text-editor.default\">\n\t\t\t\t<div class=\"elementor-widget-container\">\n\t\t\t\t\t\t\t\t\t<p>Przed zapisaniem dziecka na ob\u00f3z prosimy o dok\u0142adne zapoznanie si\u0119 z\u00a0<span data-start=\"330\" data-end=\"370\">Regulaminem i warunkami uczestnictwa<\/span>. Dokument zawiera wszystkie najwa\u017cniejsze informacje organizacyjne, zasady bezpiecze\u0144stwa, wymagania dotycz\u0105ce wyposa\u017cenia dziecka, dane kontaktowe oraz szczeg\u00f3\u0142y dotycz\u0105ce p\u0142atno\u015bci i rezygnacji z udzia\u0142u w obozie.\u00a0Regulamin musi zosta\u0107 podpisany przez rodzic\u00f3w i uczestnika<strong>.<\/strong><\/p>\t\t\t\t\t\t\t\t<\/div>\n\t\t\t\t<\/div>\n\t\t\t\t<div class=\"elementor-element elementor-element-ed29ede elementor-widget elementor-widget-heading\" data-id=\"ed29ede\" data-element_type=\"widget\" data-widget_type=\"heading.default\">\n\t\t\t\t<div class=\"elementor-widget-container\">\n\t\t\t\t\t<h2 class=\"elementor-heading-title elementor-size-default\">Dokumenty do pobrania <\/h2>\t\t\t\t<\/div>\n\t\t\t\t<\/div>\n\t\t<div class=\"elementor-element elementor-element-ad412bc e-con-full e-flex e-con e-child\" data-id=\"ad412bc\" data-element_type=\"container\">\n\t\t\t\t<div class=\"elementor-element elementor-element-15b4bbb elementor-align-center elementor-mobile-align-center elementor-widget elementor-widget-button\" data-id=\"15b4bbb\" data-element_type=\"widget\" data-widget_type=\"button.default\">\n\t\t\t\t<div class=\"elementor-widget-container\">\n\t\t\t\t\t\t\t\t\t<div class=\"elementor-button-wrapper\">\n\t\t\t\t\t<a class=\"elementor-button elementor-button-link elementor-size-sm elementor-animation-grow\" href=\"\/wp-content\/uploads\/2025\/06\/reg_rodo_karta_kwalif_word_pdf2.pdf\" target=\"_blank\">\n\t\t\t\t\t\t<span class=\"elementor-button-content-wrapper\">\n\t\t\t\t\t\t\t\t\t<span class=\"elementor-button-text\">Karta kwalifikacyjna + Regulamin + RODO<\/span>\n\t\t\t\t\t<\/span>\n\t\t\t\t\t<\/a>\n\t\t\t\t<\/div>\n\t\t\t\t\t\t\t\t<\/div>\n\t\t\t\t<\/div>\n\t\t\t\t<\/div>\n\t\t\t\t\t<\/div>\n\t\t\t\t<\/div>\n\t\t\t\t<\/div>\n\t\t","protected":false},"excerpt":{"rendered":"<p>Trzeba pobra\u0107, wype\u0142ni\u0107, wydrukowa\u0107&nbsp;KART\u0118 KWALIFIKACYJN\u0104 UCZESTNIKA wraz z REGULAMINEM i RODO,&nbsp;nast\u0119pnie sfotografowa\u0107 lub zeskanowa\u0107 2 pierwsze strony karty i wys\u0142a\u0107 na adres:&nbsp;widokstowarzyszenie@gmail.com.Po otrzymaniu zwrotnego maila z informacj\u0105, \u017ce dokumenty dotar\u0142y i dziecko zosta\u0142o zapisane, nale\u017cy op\u0142aci\u0107 ob\u00f3z najp\u00f3\u017aniej do 15 LIPCA&nbsp;\u2013 konto bankowe PKO S.A. I Oddzia\u0142 Bia\u0142ystok:&nbsp;22 1240 5211 1111 0010 6639 7925. W [&hellip;]<\/p>\n","protected":false},"author":1,"featured_media":0,"parent":0,"menu_order":0,"comment_status":"closed","ping_status":"closed","template":"","meta":{"footnotes":""},"class_list":["post-152","page","type-page","status-publish","czr-hentry"],"_links":{"self":[{"href":"https:\/\/kolonie.widok.org.pl\/index.php\/wp-json\/wp\/v2\/pages\/152","targetHints":{"allow":["GET"]}}],"collection":[{"href":"https:\/\/kolonie.widok.org.pl\/index.php\/wp-json\/wp\/v2\/pages"}],"about":[{"href":"https:\/\/kolonie.widok.org.pl\/index.php\/wp-json\/wp\/v2\/types\/page"}],"author":[{"embeddable":true,"href":"https:\/\/kolonie.widok.org.pl\/index.php\/wp-json\/wp\/v2\/users\/1"}],"replies":[{"embeddable":true,"href":"https:\/\/kolonie.widok.org.pl\/index.php\/wp-json\/wp\/v2\/comments?post=152"}],"version-history":[{"count":106,"href":"https:\/\/kolonie.widok.org.pl\/index.php\/wp-json\/wp\/v2\/pages\/152\/revisions"}],"predecessor-version":[{"id":681,"href":"https:\/\/kolonie.widok.org.pl\/index.php\/wp-json\/wp\/v2\/pages\/152\/revisions\/681"}],"wp:attachment":[{"href":"https:\/\/kolonie.widok.org.pl\/index.php\/wp-json\/wp\/v2\/media?parent=152"}],"curies":[{"name":"wp","href":"https:\/\/api.w.org\/{rel}","templated":true}]}}