{"id":237,"date":"2025-05-19T15:03:07","date_gmt":"2025-05-19T13:03:07","guid":{"rendered":"http:\/\/localhost:8888\/wordpress\/?page_id=237"},"modified":"2025-06-17T20:34:29","modified_gmt":"2025-06-17T18:34:29","slug":"kadra","status":"publish","type":"page","link":"https:\/\/kolonie.widok.org.pl\/index.php\/kadra\/","title":{"rendered":"Kadra"},"content":{"rendered":"\t\t<div data-elementor-type=\"wp-page\" data-elementor-id=\"237\" class=\"elementor elementor-237\">\n\t\t\t\t<div class=\"elementor-element elementor-element-e6782f6 e-con-full e-flex e-con e-parent\" data-id=\"e6782f6\" data-element_type=\"container\">\n\t\t<div class=\"elementor-element elementor-element-377c106 e-con-full e-flex e-con e-child\" data-id=\"377c106\" data-element_type=\"container\">\n\t\t\t\t<div class=\"elementor-element elementor-element-a6cb1a3 elementor-widget elementor-widget-text-editor\" data-id=\"a6cb1a3\" data-element_type=\"widget\" data-widget_type=\"text-editor.default\">\n\t\t\t\t<div class=\"elementor-widget-container\">\n\t\t\t\t\t\t\t\t\t<p>Sta\u0142a kadra to 6 os\u00f3b, od 7 lat wsp\u00f3\u0142pracuj\u0105cych ze stowarzyszeniem WIDOK podczas ka\u017cdych wakacji, czyli: dw\u00f3ch wychowawc\u00f3w (nauczyciel i instruktor-harcerz), kierownik (nasza Pani Agnieszka!) i dodatkowa osoba do pomocy ze stowarzyszenia Widok.<\/p>\n<p>Zaj\u0119cia przyrodnicze w laboratoriach i w terenie prowadzi\u0107 b\u0119dzie pracownik naukowy Wydzia\u0142u Biologii UwB, obecny podczas ca\u0142ego turnusu.<\/p>\t\t\t\t\t\t\t\t<\/div>\n\t\t\t\t<\/div>\n\t\t\t\t<\/div>\n\t\t<div class=\"elementor-element elementor-element-ea8b1f3 e-con-full e-flex e-con e-child\" data-id=\"ea8b1f3\" data-element_type=\"container\">\n\t\t\t\t<div class=\"elementor-element elementor-element-eda2d78 elementor-widget elementor-widget-image\" data-id=\"eda2d78\" data-element_type=\"widget\" data-widget_type=\"image.default\">\n\t\t\t\t<div class=\"elementor-widget-container\">\n\t\t\t\t\t\t\t\t\t\t\t\t\t\t\t<img decoding=\"async\" src=\"https:\/\/kolonie.widok.org.pl\/wp-content\/uploads\/elementor\/thumbs\/kadra_zdjecie-r6s7t6szbu8ljxmhigvpe52niz7utkh1yo4bi0znbw.jpg\" title=\"kadra_zdjecie\" alt=\"kadra_zdjecie\" loading=\"lazy\" \/>\t\t\t\t\t\t\t\t\t\t\t\t\t\t\t<\/div>\n\t\t\t\t<\/div>\n\t\t\t\t<\/div>\n\t\t\t\t<\/div>\n\t\t\t\t<\/div>\n\t\t","protected":false},"excerpt":{"rendered":"<p>Sta\u0142a kadra to 6 os\u00f3b, od 7 lat wsp\u00f3\u0142pracuj\u0105cych ze stowarzyszeniem WIDOK podczas ka\u017cdych wakacji, czyli: dw\u00f3ch wychowawc\u00f3w (nauczyciel i instruktor-harcerz), kierownik (nasza Pani Agnieszka!) i dodatkowa osoba do pomocy ze stowarzyszenia Widok. Zaj\u0119cia przyrodnicze w laboratoriach i w terenie prowadzi\u0107 b\u0119dzie pracownik naukowy Wydzia\u0142u Biologii UwB, obecny podczas ca\u0142ego turnusu.<\/p>\n","protected":false},"author":1,"featured_media":0,"parent":0,"menu_order":0,"comment_status":"closed","ping_status":"closed","template":"","meta":{"footnotes":""},"class_list":["post-237","page","type-page","status-publish","czr-hentry"],"_links":{"self":[{"href":"https:\/\/kolonie.widok.org.pl\/index.php\/wp-json\/wp\/v2\/pages\/237","targetHints":{"allow":["GET"]}}],"collection":[{"href":"https:\/\/kolonie.widok.org.pl\/index.php\/wp-json\/wp\/v2\/pages"}],"about":[{"href":"https:\/\/kolonie.widok.org.pl\/index.php\/wp-json\/wp\/v2\/types\/page"}],"author":[{"embeddable":true,"href":"https:\/\/kolonie.widok.org.pl\/index.php\/wp-json\/wp\/v2\/users\/1"}],"replies":[{"embeddable":true,"href":"https:\/\/kolonie.widok.org.pl\/index.php\/wp-json\/wp\/v2\/comments?post=237"}],"version-history":[{"count":22,"href":"https:\/\/kolonie.widok.org.pl\/index.php\/wp-json\/wp\/v2\/pages\/237\/revisions"}],"predecessor-version":[{"id":684,"href":"https:\/\/kolonie.widok.org.pl\/index.php\/wp-json\/wp\/v2\/pages\/237\/revisions\/684"}],"wp:attachment":[{"href":"https:\/\/kolonie.widok.org.pl\/index.php\/wp-json\/wp\/v2\/media?parent=237"}],"curies":[{"name":"wp","href":"https:\/\/api.w.org\/{rel}","templated":true}]}}