{"id":65,"date":"2025-04-27T13:12:28","date_gmt":"2025-04-27T11:12:28","guid":{"rendered":"http:\/\/localhost:8888\/wordpress\/?page_id=65"},"modified":"2025-06-18T08:35:36","modified_gmt":"2025-06-18T06:35:36","slug":"polkolonie-2025","status":"publish","type":"page","link":"https:\/\/kolonie.widok.org.pl\/index.php\/polkolonie-2025\/","title":{"rendered":"Kolonie 2025"},"content":{"rendered":"\t\t<div data-elementor-type=\"wp-page\" data-elementor-id=\"65\" class=\"elementor elementor-65\">\n\t\t\t\t<div class=\"elementor-element elementor-element-207ed43 e-flex e-con-boxed e-con e-parent\" data-id=\"207ed43\" data-element_type=\"container\">\n\t\t\t\t\t<div class=\"e-con-inner\">\n\t\t<div class=\"elementor-element elementor-element-ee31dd1 e-con-full e-flex e-con e-child\" data-id=\"ee31dd1\" data-element_type=\"container\">\n\t\t\t\t<div class=\"elementor-element elementor-element-72fb2a7 elementor-widget elementor-widget-text-editor\" data-id=\"72fb2a7\" data-element_type=\"widget\" data-widget_type=\"text-editor.default\">\n\t\t\t\t<div class=\"elementor-widget-container\">\n\t\t\t\t\t\t\t\t\t<p>Sprawdzimy, czy tylko \u201e\u0107ma leci do \u015bwiat\u0142a\u201d i czy paj\u0105k jest \u201etaki straszny jak go maluj\u0105\u201d. Mo\u017ce uda nam si\u0119 \u201eus\u0142ysze\u0107\u201d nietoperza?<\/p><p>Wyruszymy na wie\u017c\u0119 widokow\u0105 i na spacer po Biebrza\u0144skim Parku Narodowym z licencjonowanym przewodnikiem.<\/p><p>Dowiemy si\u0119, jak dobiera\u0107 ro\u015bliny i posadzi\u0107 je potem w skrzynce na balkonie lub ogr\u00f3dku, aby przez ca\u0142y sezon letni stanowi\u0142y \u017ar\u00f3d\u0142o pokarmu dla dziko \u017cyj\u0105cych owad\u00f3w.<\/p><p>Zbudujemy kompostownik, a tak\u017ce pomoce gniazdowe dla r\u00f3\u017cnych gatunk\u00f3w dziko \u017cyj\u0105cych pszcz\u00f3\u0142. B\u0119dziemy wi\u0119c wierci\u0107, lepi\u0107,\u00a0a nawet murowa\u0107!<\/p><p>Poznamy tak\u017ce budow\u0119 kleszczy i dowiemy si\u0119, jak przed nimi si\u0119 chroni\u0107. Ach, jaki maj\u0105 fascynuj\u0105cy aparat g\u0119bowy!<\/p><p>A w tzw. mi\u0119dzyczasie planujemy m.in.:<\/p><ul><li>gr\u0119 terenow\u0105 w poszukiwaniu le\u015bnego skarbu;<\/li><li>nauk\u0119 fotografowania przy porannych mg\u0142ach (nasza kierowniczka robi cudne zdj\u0119cia!);<\/li><li>malowanie, lepienie, tworzenie;<\/li><li>ognisko z kie\u0142baskami na powitanie, a potem, kiedy tylko b\u0119dziemy chcieli;<\/li><li>badmintona, siatk\u00f3wk\u0119, gry planszowe i leniuchowanie na kocykach;<\/li><li>w przypadku wielkiego upa\u0142u oblewanie si\u0119 wod\u0105 z ogrodowego szlaucha;<\/li><li>a gdy b\u0119dzie zimo to siedzenie przy ciep\u0142ym kominku i opowiadanie \u201estraaaasznych albo tylko \u015bmiesznych historii\u201d.<\/li><\/ul>\t\t\t\t\t\t\t\t<\/div>\n\t\t\t\t<\/div>\n\t\t\t\t<\/div>\n\t\t<div class=\"elementor-element elementor-element-c34851b e-con-full e-flex e-con e-child\" data-id=\"c34851b\" data-element_type=\"container\" data-settings=\"{&quot;background_background&quot;:&quot;classic&quot;}\">\n\t\t\t\t<div class=\"elementor-element elementor-element-5a20248 elementor-widget elementor-widget-heading\" data-id=\"5a20248\" data-element_type=\"widget\" data-widget_type=\"heading.default\">\n\t\t\t\t<div class=\"elementor-widget-container\">\n\t\t\t\t\t<h2 class=\"elementor-heading-title elementor-size-default\">Zakwaterowanie<\/h2>\t\t\t\t<\/div>\n\t\t\t\t<\/div>\n\t\t\t\t<div class=\"elementor-element elementor-element-ef4c252 elementor-widget elementor-widget-text-editor\" data-id=\"ef4c252\" data-element_type=\"widget\" data-widget_type=\"text-editor.default\">\n\t\t\t\t<div class=\"elementor-widget-container\">\n\t\t\t\t\t\t\t\t\t<p>Na parterze si\u0119 znajduj\u0105 si\u0119: przestronna i s\u0142oneczna sala do prowadzenia zaj\u0119\u0107 i jedzenia posi\u0142k\u00f3w, dwa laboratoria, zaplecze naukowe, wc i \u0142azienki z prysznicami, pokoje wychowawc\u00f3w i kierownika, aneks kuchenny.<br \/>Na I pi\u0119trze s\u0105 dwie sale 12-osobowe, jedna dla dziewcz\u0105t, druga dla ch\u0142opc\u00f3w, wyposa\u017cone w sosnowe \u0142\u00f3\u017cka oraz podstawowe sprz\u0119ty, aby ka\u017cde dziecko mia\u0142o do miejsce na swoje rzeczy w komodzie lub szufladzie pod \u0142\u00f3\u017ckiem.<br \/>Teren wok\u00f3\u0142 budynku to blisko 4 tys. metr\u00f3w otoczone p\u0142otem. Znajduj\u0105 si\u0119 tu: miejsce na ognisko, grilla oraz na gry i zabawy sportowe (siatk\u00f3wka, badminton itp). Po s\u0105siedzku mamy kilka zabudowa\u0144 wiejskich oraz dzikie pola i las.<\/p>\t\t\t\t\t\t\t\t<\/div>\n\t\t\t\t<\/div>\n\t\t\t\t<\/div>\n\t\t<div class=\"elementor-element elementor-element-09a7303 e-con-full elementor-hidden-desktop elementor-hidden-tablet elementor-hidden-mobile e-flex e-con e-child\" data-id=\"09a7303\" data-element_type=\"container\">\n\t\t\t\t<div class=\"elementor-element elementor-element-1ed4e86 elementor-widget elementor-widget-heading\" data-id=\"1ed4e86\" data-element_type=\"widget\" data-widget_type=\"heading.default\">\n\t\t\t\t<div class=\"elementor-widget-container\">\n\t\t\t\t\t<h2 class=\"elementor-heading-title elementor-size-default\">Kadra<\/h2>\t\t\t\t<\/div>\n\t\t\t\t<\/div>\n\t\t\t\t<div class=\"elementor-element elementor-element-159e951 elementor-widget elementor-widget-text-editor\" data-id=\"159e951\" data-element_type=\"widget\" data-widget_type=\"text-editor.default\">\n\t\t\t\t<div class=\"elementor-widget-container\">\n\t\t\t\t\t\t\t\t\t<p>Chcesz zapozna\u0107 si\u0119 z nasz\u0105 fantastyczn\u0105 kadr\u0105?\u00a0<\/p>\t\t\t\t\t\t\t\t<\/div>\n\t\t\t\t<\/div>\n\t\t\t\t<div class=\"elementor-element elementor-element-dcaaefa elementor-align-center elementor-mobile-align-center elementor-widget elementor-widget-button\" data-id=\"dcaaefa\" data-element_type=\"widget\" data-widget_type=\"button.default\">\n\t\t\t\t<div class=\"elementor-widget-container\">\n\t\t\t\t\t\t\t\t\t<div class=\"elementor-button-wrapper\">\n\t\t\t\t\t<a class=\"elementor-button elementor-button-link elementor-size-sm elementor-animation-grow\" href=\"\/wordpress\/index.php\/kadra\/\">\n\t\t\t\t\t\t<span class=\"elementor-button-content-wrapper\">\n\t\t\t\t\t\t\t\t\t<span class=\"elementor-button-text\">Poznaj nasz\u0105 kadr\u0119<\/span>\n\t\t\t\t\t<\/span>\n\t\t\t\t\t<\/a>\n\t\t\t\t<\/div>\n\t\t\t\t\t\t\t\t<\/div>\n\t\t\t\t<\/div>\n\t\t\t\t<\/div>\n\t\t<div class=\"elementor-element elementor-element-608e218 e-con-full e-flex e-con e-child\" data-id=\"608e218\" data-element_type=\"container\">\n\t\t\t\t<div class=\"elementor-element elementor-element-7d25551 elementor-widget elementor-widget-heading\" data-id=\"7d25551\" data-element_type=\"widget\" data-widget_type=\"heading.default\">\n\t\t\t\t<div class=\"elementor-widget-container\">\n\t\t\t\t\t<h2 class=\"elementor-heading-title elementor-size-default\">Wy\u017cywienie<\/h2>\t\t\t\t<\/div>\n\t\t\t\t<\/div>\n\t\t\t\t<div class=\"elementor-element elementor-element-933b031 elementor-widget elementor-widget-text-editor\" data-id=\"933b031\" data-element_type=\"widget\" data-widget_type=\"text-editor.default\">\n\t\t\t\t<div class=\"elementor-widget-container\">\n\t\t\t\t\t\t\t\t\t\u015aniadanie, obiad (zupa i II danie), podwieczorek i kolacja, przywo\u017cone z pobliskiego \u201eDworu Dobarz\u201d. Owoce&nbsp;i woda bez ogranicze\u0144. Mo\u017cliwo\u015b\u0107 korzystania, pod nadzorem wychowawc\u00f3w, z aneksu kuchennego.\t\t\t\t\t\t\t\t<\/div>\n\t\t\t\t<\/div>\n\t\t\t\t<\/div>\n\t\t<div class=\"elementor-element elementor-element-a5ad7b4 e-con-full e-flex e-con e-child\" data-id=\"a5ad7b4\" data-element_type=\"container\">\n\t\t\t\t<div class=\"elementor-element elementor-element-f3fa25a elementor-widget elementor-widget-heading\" data-id=\"f3fa25a\" data-element_type=\"widget\" data-widget_type=\"heading.default\">\n\t\t\t\t<div class=\"elementor-widget-container\">\n\t\t\t\t\t<h2 class=\"elementor-heading-title elementor-size-default\">Informacje dodatkowe<\/h2>\t\t\t\t<\/div>\n\t\t\t\t<\/div>\n\t\t\t\t<div class=\"elementor-element elementor-element-0d5410f elementor-widget elementor-widget-text-editor\" data-id=\"0d5410f\" data-element_type=\"widget\" data-widget_type=\"text-editor.default\">\n\t\t\t\t<div class=\"elementor-widget-container\">\n\t\t\t\t\t\t\t\t\t<p>Na uczestnik\u00f3w obozu czekamy 2 sierpnia od godz. 15. Powitamy wszystkich podwieczorkiem, a ok. godz. 18 oficjalnie rozpoczniemy ob\u00f3z integracyjnym ogniskiem z kie\u0142baskami. Zako\u0144czymy wypoczynek 9 sierpnia po \u015bniadaniu. Odbi\u00f3r dzieci do godz. 12.<\/p>\n<p>Stacja dysponuje w\u0142asnym uj\u0119ciem wody, systematycznie nadzorowanym przez Sanepid. Mo\u017cna j\u0105 pi\u0107 prosto z kranu.<\/p>\n<p>Sie\u0107 kom\u00f3rkowa dzia\u0142a tylko w okre\u015blonych miejscach. Z telefon\u00f3w dzieci b\u0119d\u0105 mog\u0142y korzysta\u0107 tylko raz dziennie, wczesnym wieczorem, przez p\u00f3\u0142 godziny oraz podczas zaj\u0119\u0107 fotografowania.<\/p>\n<p>W pobli\u017cu nie ma sklepu.<\/p>\n<p>Ka\u017cde dziecko musi mie\u0107 obowi\u0105zkowo: <strong>KALOSZE, BUTY NA ZMIAN\u0118, NAKRYCIE G\u0141OWY I KURTK\u0118<\/strong> chroni\u0105c\u0105 przed deszczem i wiatrem. Brzydka pogoda nie b\u0119dzie dla nas przeszkod\u0105 przed zaj\u0119ciami w terenie. Warto mie\u0107 tak\u017ce w\u0142asny <strong>KUBEK <\/strong>oraz wielorazow\u0105 butelk\u0119 na wod\u0119.<\/p>\n<p>Ob\u00f3z jest wypisany do bazy wypoczynku, prowadzonej przez MEN.<\/p>\n<p>Zobacz: <a href=\"https:\/\/biologia.uwb.edu.pl\/wydzial\/struktura\/stacja-terenowa-w-gugnach\">https:\/\/biologia.uwb.edu.pl\/wydzial\/struktura\/stacja-terenowa-w-gugnach<\/a><\/p>\t\t\t\t\t\t\t\t<\/div>\n\t\t\t\t<\/div>\n\t\t\t\t<\/div>\n\t\t<div class=\"elementor-element elementor-element-c6cd239 e-con-full e-flex e-con e-child\" data-id=\"c6cd239\" data-element_type=\"container\" data-settings=\"{&quot;background_background&quot;:&quot;classic&quot;}\">\n\t\t<div class=\"elementor-element elementor-element-b2f7900 e-con-full e-flex e-con e-child\" data-id=\"b2f7900\" data-element_type=\"container\">\n\t\t\t\t<div class=\"elementor-element elementor-element-20949aa elementor-widget elementor-widget-heading\" data-id=\"20949aa\" data-element_type=\"widget\" data-widget_type=\"heading.default\">\n\t\t\t\t<div class=\"elementor-widget-container\">\n\t\t\t\t\t<h2 class=\"elementor-heading-title elementor-size-default\">Lokalizacja<\/h2>\t\t\t\t<\/div>\n\t\t\t\t<\/div>\n\t\t\t\t<div class=\"elementor-element elementor-element-3971a75 elementor-widget elementor-widget-text-editor\" data-id=\"3971a75\" data-element_type=\"widget\" data-widget_type=\"text-editor.default\">\n\t\t\t\t<div class=\"elementor-widget-container\">\n\t\t\t\t\t\t\t\t\t<p>Kolonie odb\u0119d\u0105 si\u0119 na terenie Stacji Naukowo-Dydaktycznej Wydzia\u0142u Biologii UwB we wsi Gugny, w Biebrza\u0144skim Parku Narodowym (woj. podlaskie, ok. 55 km od Bia\u0142egostoku).<\/p>\t\t\t\t\t\t\t\t<\/div>\n\t\t\t\t<\/div>\n\t\t\t\t<\/div>\n\t\t<div class=\"elementor-element elementor-element-7fc572c e-con-full e-flex e-con e-child\" data-id=\"7fc572c\" data-element_type=\"container\">\n\t\t\t\t<div class=\"elementor-element elementor-element-7a29487 elementor-widget elementor-widget-google_maps\" data-id=\"7a29487\" data-element_type=\"widget\" data-widget_type=\"google_maps.default\">\n\t\t\t\t<div class=\"elementor-widget-container\">\n\t\t\t\t\t\t\t<div class=\"elementor-custom-embed\">\n\t\t\t<iframe loading=\"lazy\"\n\t\t\t\t\tsrc=\"https:\/\/maps.google.com\/maps?q=19-104%20Gugny%2C%20Polska%20Stacja%20terenowa%20Wydzia%C5%82u%20Biologii%20Uniwersytetu%20w%20Bia%C5%82ymstoku&#038;t=m&#038;z=15&#038;output=embed&#038;iwloc=near\"\n\t\t\t\t\ttitle=\"19-104 Gugny, Polska Stacja terenowa Wydzia\u0142u Biologii Uniwersytetu w Bia\u0142ymstoku\"\n\t\t\t\t\taria-label=\"19-104 Gugny, Polska Stacja terenowa Wydzia\u0142u Biologii Uniwersytetu w Bia\u0142ymstoku\"\n\t\t\t><\/iframe>\n\t\t<\/div>\n\t\t\t\t\t\t<\/div>\n\t\t\t\t<\/div>\n\t\t\t\t<\/div>\n\t\t\t\t<\/div>\n\t\t<div class=\"elementor-element elementor-element-3cb4abe e-con-full elementor-hidden-desktop elementor-hidden-tablet elementor-hidden-mobile e-flex e-con e-child\" data-id=\"3cb4abe\" data-element_type=\"container\">\n\t\t\t\t<div class=\"elementor-element elementor-element-81a1d1e elementor-widget elementor-widget-heading\" data-id=\"81a1d1e\" data-element_type=\"widget\" data-widget_type=\"heading.default\">\n\t\t\t\t<div class=\"elementor-widget-container\">\n\t\t\t\t\t<h2 class=\"elementor-heading-title elementor-size-default\">Rekrutacja<\/h2>\t\t\t\t<\/div>\n\t\t\t\t<\/div>\n\t\t\t\t<div class=\"elementor-element elementor-element-15be055 elementor-widget elementor-widget-text-editor\" data-id=\"15be055\" data-element_type=\"widget\" data-widget_type=\"text-editor.default\">\n\t\t\t\t<div class=\"elementor-widget-container\">\n\t\t\t\t\t\t\t\t\t<p>Chcesz, \u017ceby Twoje dziecko prze\u017cy\u0142o niezapomnian\u0105 przygod\u0119 w sercu natury? Liczba miejsc ograniczona \u2014 sprawd\u017a szczeg\u00f3\u0142y i zapisy w zak\u0142adce &#8222;Rekrutacja&#8221;.<\/p>\t\t\t\t\t\t\t\t<\/div>\n\t\t\t\t<\/div>\n\t\t\t\t<div class=\"elementor-element elementor-element-a1a9806 elementor-align-center elementor-mobile-align-center elementor-hidden-desktop elementor-hidden-tablet elementor-hidden-mobile elementor-widget elementor-widget-button\" data-id=\"a1a9806\" data-element_type=\"widget\" data-widget_type=\"button.default\">\n\t\t\t\t<div class=\"elementor-widget-container\">\n\t\t\t\t\t\t\t\t\t<div class=\"elementor-button-wrapper\">\n\t\t\t\t\t<a class=\"elementor-button elementor-button-link elementor-size-sm elementor-animation-grow\" href=\"https:\/\/kolonie.widok.org.pl\/index.php\/rekrutacja\/\">\n\t\t\t\t\t\t<span class=\"elementor-button-content-wrapper\">\n\t\t\t\t\t\t\t\t\t<span class=\"elementor-button-text\">Rekrutacja<\/span>\n\t\t\t\t\t<\/span>\n\t\t\t\t\t<\/a>\n\t\t\t\t<\/div>\n\t\t\t\t\t\t\t\t<\/div>\n\t\t\t\t<\/div>\n\t\t\t\t<\/div>\n\t\t<div class=\"elementor-element elementor-element-9b7bc08 e-con-full elementor-hidden-desktop elementor-hidden-tablet elementor-hidden-mobile e-flex e-con e-child\" data-id=\"9b7bc08\" data-element_type=\"container\" data-settings=\"{&quot;background_background&quot;:&quot;classic&quot;}\">\n\t\t\t\t<div class=\"elementor-element elementor-element-19c77c5 elementor-widget elementor-widget-heading\" data-id=\"19c77c5\" data-element_type=\"widget\" data-widget_type=\"heading.default\">\n\t\t\t\t<div class=\"elementor-widget-container\">\n\t\t\t\t\t<h2 class=\"elementor-heading-title elementor-size-default\">Organizator<\/h2>\t\t\t\t<\/div>\n\t\t\t\t<\/div>\n\t\t\t\t<div class=\"elementor-element elementor-element-856dfe0 elementor-widget elementor-widget-text-editor\" data-id=\"856dfe0\" data-element_type=\"widget\" data-widget_type=\"text-editor.default\">\n\t\t\t\t<div class=\"elementor-widget-container\">\n\t\t\t\t\t\t\t\t\t<p>Organizatorem jest <strong>Stowarzyszenie Edukacji Kulturalnej WIDOK <\/strong>we wsp\u00f3\u0142pracy z Wydzia\u0142em<strong> Biologii Uniwersytetu w Bia\u0142ymstoku<\/strong><\/p>\t\t\t\t\t\t\t\t<\/div>\n\t\t\t\t<\/div>\n\t\t\t\t<\/div>\n\t\t\t\t\t<\/div>\n\t\t\t\t<\/div>\n\t\t\t\t<\/div>\n\t\t","protected":false},"excerpt":{"rendered":"<p>Sprawdzimy, czy tylko \u201e\u0107ma leci do \u015bwiat\u0142a\u201d i czy paj\u0105k jest \u201etaki straszny jak go maluj\u0105\u201d. Mo\u017ce uda nam si\u0119 \u201eus\u0142ysze\u0107\u201d nietoperza? Wyruszymy na wie\u017c\u0119 widokow\u0105 i na spacer po Biebrza\u0144skim Parku Narodowym z licencjonowanym przewodnikiem. Dowiemy si\u0119, jak dobiera\u0107 ro\u015bliny i posadzi\u0107 je potem w skrzynce na balkonie lub ogr\u00f3dku, aby przez ca\u0142y sezon [&hellip;]<\/p>\n","protected":false},"author":1,"featured_media":0,"parent":0,"menu_order":0,"comment_status":"closed","ping_status":"closed","template":"","meta":{"footnotes":""},"class_list":["post-65","page","type-page","status-publish","czr-hentry"],"_links":{"self":[{"href":"https:\/\/kolonie.widok.org.pl\/index.php\/wp-json\/wp\/v2\/pages\/65","targetHints":{"allow":["GET"]}}],"collection":[{"href":"https:\/\/kolonie.widok.org.pl\/index.php\/wp-json\/wp\/v2\/pages"}],"about":[{"href":"https:\/\/kolonie.widok.org.pl\/index.php\/wp-json\/wp\/v2\/types\/page"}],"author":[{"embeddable":true,"href":"https:\/\/kolonie.widok.org.pl\/index.php\/wp-json\/wp\/v2\/users\/1"}],"replies":[{"embeddable":true,"href":"https:\/\/kolonie.widok.org.pl\/index.php\/wp-json\/wp\/v2\/comments?post=65"}],"version-history":[{"count":113,"href":"https:\/\/kolonie.widok.org.pl\/index.php\/wp-json\/wp\/v2\/pages\/65\/revisions"}],"predecessor-version":[{"id":699,"href":"https:\/\/kolonie.widok.org.pl\/index.php\/wp-json\/wp\/v2\/pages\/65\/revisions\/699"}],"wp:attachment":[{"href":"https:\/\/kolonie.widok.org.pl\/index.php\/wp-json\/wp\/v2\/media?parent=65"}],"curies":[{"name":"wp","href":"https:\/\/api.w.org\/{rel}","templated":true}]}}